{"id":7,"date":"2017-02-16T10:08:14","date_gmt":"2017-02-16T10:08:14","guid":{"rendered":"https:\/\/nmd.uska.ch\/?page_id=7"},"modified":"2024-11-27T13:05:30","modified_gmt":"2024-11-27T13:05:30","slug":"home","status":"publish","type":"page","link":"https:\/\/nmd.uska.ch\/","title":{"rendered":"\u00dcber den NMD"},"content":{"rendered":"<p><img loading=\"lazy\" decoding=\"async\" class=\"size-medium wp-image-67 alignright\" src=\"https:\/\/nmd.uska.ch\/wp-content\/uploads\/2017\/02\/e9f9a5203d-300x169.jpg\" alt=\"\" width=\"300\" height=\"169\" srcset=\"https:\/\/nmd.uska.ch\/wp-content\/uploads\/2017\/02\/e9f9a5203d-300x169.jpg 300w, https:\/\/nmd.uska.ch\/wp-content\/uploads\/2017\/02\/e9f9a5203d-768x432.jpg 768w, https:\/\/nmd.uska.ch\/wp-content\/uploads\/2017\/02\/e9f9a5203d-624x351.jpg 624w, https:\/\/nmd.uska.ch\/wp-content\/uploads\/2017\/02\/e9f9a5203d.jpg 800w\" sizes=\"auto, (max-width: 300px) 100vw, 300px\" \/>Der NMD der USKA gilt als einmalig sch\u00f6ner Contest!&nbsp; Wo gibt es sonst einen Contest, oder sagen wir besser eine Aktivit\u00e4t, wo man sich im QSO beim Vornamen anspricht und die meisten Operateure sich pers\u00f6nlich kennen? Durch die verschiedenen individuellen Zielsetzungen gibt es auch keine Gewinner oder gar Verlierer, man hat mitgemacht und so oder so die sch\u00f6nen Seiten von&nbsp; Natur,&nbsp; Technik und Kollegialit\u00e4t miteinander zu einem Erlebnis verbunden.<\/p>\n<p><img loading=\"lazy\" decoding=\"async\" class=\"size-medium wp-image-68 alignleft\" src=\"https:\/\/nmd.uska.ch\/wp-content\/uploads\/2017\/02\/bedbb8ec85-300x200.jpg\" alt=\"\" width=\"300\" height=\"200\" srcset=\"https:\/\/nmd.uska.ch\/wp-content\/uploads\/2017\/02\/bedbb8ec85-300x200.jpg 300w, https:\/\/nmd.uska.ch\/wp-content\/uploads\/2017\/02\/bedbb8ec85-768x512.jpg 768w, https:\/\/nmd.uska.ch\/wp-content\/uploads\/2017\/02\/bedbb8ec85-624x416.jpg 624w, https:\/\/nmd.uska.ch\/wp-content\/uploads\/2017\/02\/bedbb8ec85.jpg 800w\" sizes=\"auto, (max-width: 300px) 100vw, 300px\" \/>Der National Mountain Day wird f\u00fcr Radioamateure in der Schweiz ausgeschrieben. Er findet jedes Jahr am dritten Sonntag im Juli von 0600 UTC bis 0959 UTC statt. Die Teilnehmer stellen Verbindungen in CW und in SSB mit Stationen in der Schweiz und im Ausland her. Das Reglement gibt es <a class=\"internal-link\" href=\"https:\/\/nmd.uska.ch\/index.php\/vorbereitung\/reglement\/\" rel=\"noopener noreferrer\">hier<\/a>.<\/p>\n<p>Der n\u00e4chsteNMD findet statt am: <strong><\/strong><\/p>\n<h2>F\u00fcr NMD Stationen (\/p) gelten folgende Bestimmungen:<\/h2>\n<ul class=\"csc-bulletlist csc-bulletlist-0\">\n<li class=\"odd\">Der Standort muss mindestens 800 Meter \u00fcber Meer liegen<\/li>\n<li class=\"even\">Der Anschluss ans \u00f6ffentliche Elektrizit\u00e4tsnetz ist untersagt<\/li>\n<li class=\"odd\">Die gesamte Stationseinrichtung darf h\u00f6chstens sechs Kilogramm wiegen (Details s. <a href=\"https:\/\/nmd.uska.ch\/index.php\/vorbereitung\/reglement\/\">Reglement<\/a>)<\/li>\n<\/ul>\n","protected":false},"excerpt":{"rendered":"<p>Der NMD der USKA gilt als einmalig sch\u00f6ner Contest!&nbsp; Wo gibt es sonst einen Contest, oder sagen wir besser eine Aktivit\u00e4t, wo man sich im QSO beim Vornamen anspricht und die meisten Operateure sich pers\u00f6nlich kennen? Durch die verschiedenen individuellen Zielsetzungen gibt es auch keine Gewinner oder gar Verlierer, man hat mitgemacht und so oder [&hellip;]<\/p>\n","protected":false},"author":1,"featured_media":0,"parent":0,"menu_order":0,"comment_status":"closed","ping_status":"closed","template":"page-templates\/full-width.php","meta":{"ngg_post_thumbnail":0,"footnotes":""},"class_list":["post-7","page","type-page","status-publish","hentry"],"translation":{"provider":"WPGlobus","version":"3.0.2","language":"de","enabled_languages":["de","fr"],"languages":{"de":{"title":true,"content":true,"excerpt":false},"fr":{"title":true,"content":true,"excerpt":false}}},"_links":{"self":[{"href":"https:\/\/nmd.uska.ch\/index.php\/wp-json\/wp\/v2\/pages\/7","targetHints":{"allow":["GET"]}}],"collection":[{"href":"https:\/\/nmd.uska.ch\/index.php\/wp-json\/wp\/v2\/pages"}],"about":[{"href":"https:\/\/nmd.uska.ch\/index.php\/wp-json\/wp\/v2\/types\/page"}],"author":[{"embeddable":true,"href":"https:\/\/nmd.uska.ch\/index.php\/wp-json\/wp\/v2\/users\/1"}],"replies":[{"embeddable":true,"href":"https:\/\/nmd.uska.ch\/index.php\/wp-json\/wp\/v2\/comments?post=7"}],"version-history":[{"count":17,"href":"https:\/\/nmd.uska.ch\/index.php\/wp-json\/wp\/v2\/pages\/7\/revisions"}],"predecessor-version":[{"id":2790,"href":"https:\/\/nmd.uska.ch\/index.php\/wp-json\/wp\/v2\/pages\/7\/revisions\/2790"}],"wp:attachment":[{"href":"https:\/\/nmd.uska.ch\/index.php\/wp-json\/wp\/v2\/media?parent=7"}],"curies":[{"name":"wp","href":"https:\/\/api.w.org\/{rel}","templated":true}]}}