{"id":455,"date":"2020-02-02T15:46:19","date_gmt":"2020-02-02T15:46:19","guid":{"rendered":"https:\/\/nmd.kohler.world\/?page_id=455"},"modified":"2025-06-29T10:31:57","modified_gmt":"2025-06-29T10:31:57","slug":"nmd-treffen","status":"publish","type":"page","link":"https:\/\/nmd.uska.ch\/index.php\/nmd-treffen\/","title":{"rendered":"NMD-Treffen"},"content":{"rendered":"<h2>NMD-Treffen in Olten<\/h2>\n<p><strong>Samstag 9. August 2025, 10:00 HBT<br \/>\nRestaurant &#8222;Gleis 13&#8220;, Olten<\/strong><\/p>\n<p><img loading=\"lazy\" decoding=\"async\" class=\"alignnone size-medium wp-image-2123\" src=\"https:\/\/nmd.uska.ch\/wp-content\/uploads\/2022\/07\/gleis13-300x236.png\" alt=\"\" width=\"300\" height=\"236\" srcset=\"https:\/\/nmd.uska.ch\/wp-content\/uploads\/2022\/07\/gleis13-300x236.png 300w, https:\/\/nmd.uska.ch\/wp-content\/uploads\/2022\/07\/gleis13.png 427w\" sizes=\"auto, (max-width: 300px) 100vw, 300px\" \/><\/p>\n<h3>Programm<\/h3>\n<ul>\n<li>Begr\u00fcssung<\/li>\n<li>Vortr\u00e4ge und Erlebnisse von Teilnehmern<\/li>\n<li>Pr\u00e4sentation der Ranglisten, Bericht der Auswertung (Patrik HB9IQW)<\/li>\n<li>Verlosung der &#8218;Mitmachpreise&#8216; (nur f\u00fcr NMD Teilnehmer)<\/li>\n<li>Apero gespendet von der Kommission ca. 12:15<\/li>\n<li>Mittagessen 13:00<\/li>\n<\/ul>\n<p>Alle NMD-Teilnehmer und Interessierte sind herzlich eingeladen.<\/p>\n<p>NMD-Kommission USKA\/HTC<\/p>\n<p><strong>Anmeldung erbeten an nmd@uska.ch<\/strong><\/p>\n","protected":false},"excerpt":{"rendered":"<p>NMD-Treffen in Olten Samstag 9. August 2025, 10:00 HBT Restaurant &#8222;Gleis 13&#8220;, Olten Programm Begr\u00fcssung Vortr\u00e4ge und Erlebnisse von Teilnehmern Pr\u00e4sentation der Ranglisten, Bericht der Auswertung (Patrik HB9IQW) Verlosung der &#8218;Mitmachpreise&#8216; (nur f\u00fcr NMD Teilnehmer) Apero gespendet von der Kommission ca. 12:15 Mittagessen 13:00 Alle NMD-Teilnehmer und Interessierte sind herzlich eingeladen. NMD-Kommission USKA\/HTC Anmeldung erbeten [&hellip;]<\/p>\n","protected":false},"author":1,"featured_media":0,"parent":0,"menu_order":0,"comment_status":"closed","ping_status":"closed","template":"page-templates\/full-width.php","meta":{"ngg_post_thumbnail":0,"footnotes":""},"class_list":["post-455","page","type-page","status-publish","hentry"],"translation":{"provider":"WPGlobus","version":"3.0.2","language":"de","enabled_languages":["de","fr"],"languages":{"de":{"title":true,"content":true,"excerpt":false},"fr":{"title":false,"content":false,"excerpt":false}}},"_links":{"self":[{"href":"https:\/\/nmd.uska.ch\/index.php\/wp-json\/wp\/v2\/pages\/455","targetHints":{"allow":["GET"]}}],"collection":[{"href":"https:\/\/nmd.uska.ch\/index.php\/wp-json\/wp\/v2\/pages"}],"about":[{"href":"https:\/\/nmd.uska.ch\/index.php\/wp-json\/wp\/v2\/types\/page"}],"author":[{"embeddable":true,"href":"https:\/\/nmd.uska.ch\/index.php\/wp-json\/wp\/v2\/users\/1"}],"replies":[{"embeddable":true,"href":"https:\/\/nmd.uska.ch\/index.php\/wp-json\/wp\/v2\/comments?post=455"}],"version-history":[{"count":19,"href":"https:\/\/nmd.uska.ch\/index.php\/wp-json\/wp\/v2\/pages\/455\/revisions"}],"predecessor-version":[{"id":2841,"href":"https:\/\/nmd.uska.ch\/index.php\/wp-json\/wp\/v2\/pages\/455\/revisions\/2841"}],"wp:attachment":[{"href":"https:\/\/nmd.uska.ch\/index.php\/wp-json\/wp\/v2\/media?parent=455"}],"curies":[{"name":"wp","href":"https:\/\/api.w.org\/{rel}","templated":true}]}}