{"id":43,"date":"2017-02-20T11:04:59","date_gmt":"2017-02-20T11:04:59","guid":{"rendered":"https:\/\/nmd.uska.ch\/?page_id=43"},"modified":"2026-02-17T17:14:09","modified_gmt":"2026-02-17T17:14:09","slug":"checkliste","status":"publish","type":"page","link":"https:\/\/nmd.uska.ch\/index.php\/vorbereitung\/checkliste\/","title":{"rendered":"Checkliste"},"content":{"rendered":"<h2>Hier die aktuellen Checklisten f\u00fcr den NMD:<\/h2>\n<h4>Checkliste Deutsch<\/h4>\n<p class=\"western\" lang=\"de-CH\"><span style=\"color: #000000;\"><span style=\"font-family: Arial, sans-serif;\"><span style=\"font-size: medium;\"><span lang=\"de-CH\">Diese Checkliste soll die NMD-Teilnehmer darin unterst\u00fctzen, eine formal korrekte und reglementskonforme Berichtdatei zu erstellen.<\/span><\/span><\/span><\/span><\/p>\n<p><a href=\"https:\/\/nmd.uska.ch\/wp-content\/uploads\/2026\/02\/CL26_02_d-1.pdf\" class=\"mtli_attachment mtli_pdf\">Checkliste_d<\/a><\/p>\n<h4>Checklist Fran\u00e7ais<\/h4>\n<p class=\"western\" lang=\"de-CH\"><span style=\"color: #000000;\"><span style=\"font-size: medium;\"><span lang=\"de-CH\">Cette checklist doit aider le concurrent au NMD \u00e0 \u00e9tablir un fichier de rapport formellement correct et conforme au r\u00e8glement<\/span><\/span><\/span>.<\/p>\n<p><a href=\"https:\/\/nmd.uska.ch\/wp-content\/uploads\/2026\/02\/CL26_02_f-1.pdf\" class=\"mtli_attachment mtli_pdf\">Checklist_f<\/a><\/p>\n<h4>Elenco di controllo Italiano<\/h4>\n<p class=\"western\" lang=\"de-CH\"><span lang=\"it\">Questo elenco di controllo ha lo scopo di aiutare i partecipanti al NMD a creare un file di report formalmente corretto e conforme al regolamento.<\/span><\/p>\n<p><a href=\"https:\/\/nmd.uska.ch\/wp-content\/uploads\/2026\/02\/CL26_02_i-1.pdf\" class=\"mtli_attachment mtli_pdf\">Elenco di controllo<\/a><\/p>\n","protected":false},"excerpt":{"rendered":"<p>Hier die aktuellen Checklisten f\u00fcr den NMD: Checkliste Deutsch Diese Checkliste soll die NMD-Teilnehmer darin unterst\u00fctzen, eine formal korrekte und reglementskonforme Berichtdatei zu erstellen. Checkliste_d Checklist Fran\u00e7ais Cette checklist doit aider le concurrent au NMD \u00e0 \u00e9tablir un fichier de rapport formellement correct et conforme au r\u00e8glement. Checklist_f Elenco di controllo Italiano Questo elenco di [&hellip;]<\/p>\n","protected":false},"author":1,"featured_media":0,"parent":1359,"menu_order":0,"comment_status":"closed","ping_status":"closed","template":"page-templates\/full-width.php","meta":{"ngg_post_thumbnail":0,"footnotes":""},"class_list":["post-43","page","type-page","status-publish","hentry"],"translation":{"provider":"WPGlobus","version":"3.0.2","language":"de","enabled_languages":["de","fr"],"languages":{"de":{"title":true,"content":true,"excerpt":false},"fr":{"title":false,"content":false,"excerpt":false}}},"_links":{"self":[{"href":"https:\/\/nmd.uska.ch\/index.php\/wp-json\/wp\/v2\/pages\/43","targetHints":{"allow":["GET"]}}],"collection":[{"href":"https:\/\/nmd.uska.ch\/index.php\/wp-json\/wp\/v2\/pages"}],"about":[{"href":"https:\/\/nmd.uska.ch\/index.php\/wp-json\/wp\/v2\/types\/page"}],"author":[{"embeddable":true,"href":"https:\/\/nmd.uska.ch\/index.php\/wp-json\/wp\/v2\/users\/1"}],"replies":[{"embeddable":true,"href":"https:\/\/nmd.uska.ch\/index.php\/wp-json\/wp\/v2\/comments?post=43"}],"version-history":[{"count":30,"href":"https:\/\/nmd.uska.ch\/index.php\/wp-json\/wp\/v2\/pages\/43\/revisions"}],"predecessor-version":[{"id":3015,"href":"https:\/\/nmd.uska.ch\/index.php\/wp-json\/wp\/v2\/pages\/43\/revisions\/3015"}],"up":[{"embeddable":true,"href":"https:\/\/nmd.uska.ch\/index.php\/wp-json\/wp\/v2\/pages\/1359"}],"wp:attachment":[{"href":"https:\/\/nmd.uska.ch\/index.php\/wp-json\/wp\/v2\/media?parent=43"}],"curies":[{"name":"wp","href":"https:\/\/api.w.org\/{rel}","templated":true}]}}