{"id":214,"date":"2019-08-13T21:18:53","date_gmt":"2019-08-13T21:18:53","guid":{"rendered":"https:\/\/nmd.kohler.world\/?page_id=214"},"modified":"2025-03-23T08:51:55","modified_gmt":"2025-03-23T08:51:55","slug":"reglement","status":"publish","type":"page","link":"https:\/\/nmd.uska.ch\/index.php\/vorbereitung\/reglement\/","title":{"rendered":"Reglement"},"content":{"rendered":"<h1>Zum Herunterladen<\/h1>\n<p><a href=\"https:\/\/nmd.uska.ch\/wp-content\/uploads\/2024\/11\/KW_Contest_Reglement_Jan_2021_D.pdf\" class=\"mtli_attachment mtli_pdf\" target=\"_blank\" rel=\"noopener\">NMD-Reglement 01\/2021 (Deutsch)<\/a><br \/>\n<a href=\"https:\/\/nmd.uska.ch\/wp-content\/uploads\/2024\/11\/KW_Contest_Reglement_Jan_2021_F.pdf\" class=\"mtli_attachment mtli_pdf\" target=\"_blank\" rel=\"noopener\">R\u00e8glement NMD 01\/2021 (Fran\u00e7ais)<\/a><br \/>\n<a href=\"https:\/\/nmd.uska.ch\/wp-content\/uploads\/2024\/11\/KW_Contest_Reglement_Jan_2021_I.pdf\" class=\"mtli_attachment mtli_pdf\">Regolamento NMD 01\/2021 (Italiano)<\/a><\/p>\n<h1>NMD-Contest-Reglement 2021 (Auszug aus USKA-KW-Contest-Reglement)<\/h1>\n<h3 class=\"bodytext\">4. National Mountain Day<\/h3>\n<p class=\"bodytext\">Der National Mountain Day wird f\u00fcr Funkamateure in der Schweiz ausgeschrieben. Nebst den Bestimmungen f\u00fcr diesen Wettbewerb gelten auch jene von Kapitel 1. (Bestimmungen f\u00fcr alle KW-Wettbewerbe)<\/p>\n<h3 class=\"bodytext\">4.1 Datum und Zeit<\/h3>\n<p class=\"bodytext\">Dritter Sonntag im Juli, 0600 UTC bis 0959 UTC.<\/p>\n<h3 class=\"bodytext\">4.2 Wettbewerbsziel<\/h3>\n<p class=\"bodytext\">Die Teilnehmer stellen Verbindungen mit Stationen in der Schweiz und im Ausland her. Zul\u00e4ssige Betriebsarten sind CW und SSB.<\/p>\n<h3 class=\"bodytext\">4.3 Anmeldung<\/h3>\n<p class=\"bodytext\">Die Teilnahme ist sp\u00e4testens am Dienstag vor dem Wettbewerb anzumelden bei http:\/\/nmd.uska.ch\/anmeldung<\/p>\n<h3 class=\"bodytext\">4.4 NMD-Stationen<\/h3>\n<p class=\"bodytext\">Als NMD-Stationen gelten Einmannstationen und Mehrmannstationen, welche die folgenden Bedingungen erf\u00fcllen:<\/p>\n<ul>\n<li class=\"bodytext\">Der Standort muss mindestens 800 m \u00fcber Meer liegen.<\/li>\n<li class=\"bodytext\">Der Anschluss an das Elektrizit\u00e4tsnetz und die Ben\u00fctzung bestehender Antennen sind untersagt<\/li>\n<li class=\"bodytext\">Die gesamte Stationseinrichtung darf h\u00f6chstens sechs Kilogramm wiegen. Zur Stationseinrichtung z\u00e4hlen:\n<ul>\n<li class=\"bodytext\">Sender, Empf\u00e4nger, Stromquellen, Kopfh\u00f6rer, Taster, Mikrofon, s\u00e4mtliche Verbindungskabel<\/li>\n<li class=\"bodytext\">Elektronische Hilfsmittel aller Art, ausser sie w\u00fcrden ausschliesslich zum F\u00fchren des Logbuchs benutzt.<\/li>\n<li class=\"bodytext\">komplette Antenne, Gegengewichte, Speiseleitung, Abspannungen, mitgebrachte Masten<\/li>\n<li class=\"bodytext\">s\u00e4mtliches eingesetztes Ersatzmaterial (Ger\u00e4te, Stromquellen, Zubeh\u00f6r)<\/li>\n<\/ul>\n<\/li>\n<li>Nicht zur Stationseinrichtung z\u00e4hlen unter anderem:\n<ul>\n<li>Eine Vorrichtung, die ausschliesslich zum Schutz vor statischer Aufladung dient. Die Station muss auch ohne diese Schutzvorrichtung uneingeschr\u00e4nkt funktionieren.<\/li>\n<li>Bestehende station\u00e4re Einrichtungen wie Fahnenmasten, Geb\u00e4ude, Skilifttragwerke<\/li>\n<li>Wickelk\u00f6rper f\u00fcr Antennenmaterial, Logbuch, Schreibmaterial, Dokumente, Campingausr\u00fcstung<\/li>\n<\/ul>\n<\/li>\n<\/ul>\n<h3>4.5 Frequenzband<\/h3>\n<p>CW-Verbindungen sind im Bandsegment 3510 &#8211; 3560 kHz abzuwickeln.<br \/>\nSSB-Verbindungen sind im Bandsegment 3600 \u2013 3650 kHz abzuwickeln.<\/p>\n<h3>4.6 Kontrollgruppen<\/h3>\n<h4>4.6.1. NMD-Stationen<\/h4>\n<p>Die bei jeder Verbindung auszutauschende Kontrollgruppe besteht aus dem Rapport (RST bzw. RS) und einem mindestens 15 Zeichen umfassenden Text (z.B. das Wetter ist gut). Ein Text darf nur einmal verwendet werden. Zur Bildung des Textes m\u00fcssen Zeichen aus dem folgenden Zeichensatz verwendet werden: [abcdefghijklmnopqrstuvwxyz 0123456789 . &#8211; \/ ?]<br \/>\nDer Text kann eine beliebige Anzahl von Leerzeichen enthalten. Diese z\u00e4hlen nicht zur Textl\u00e4nge.<\/p>\n<h4>4.6.2. Nicht-NMD-Stationen<\/h4>\n<p>Bei Verbindungen mit Nicht-NMD-Stationen ist lediglich der Rapport (RST bzw. RS) ohne Text<br \/>\nauszutauschen.<\/p>\n<h3>4.7 Doppelverbindungen<\/h3>\n<p>Den NMD-Stationen ist es erlaubt, nach 0800 UTC pro Betriebsart eine zweite Verbindung mit anderen NMD-Stationen zu t\u00e4tigen.<\/p>\n<h3>4.8 Bewertung der Verbindungen<\/h3>\n<p>Verbindungen mit NMD-Stationen: 4 Punkte *)<br \/>\nVerbindungen mit anderen Stationen: 1 Punkt<\/p>\n<p>*) Die Auswerter reduzieren die Bewertung von Verbindungen mit schweizerischen Portabel-<br \/>\nStationen, die ihre Teilnahme nicht gem\u00e4ss Ziffer 4.3 angemeldet haben, auf 1 Punkt.<\/p>\n<h3>4.9 Gesamtresultat<\/h3>\n<p>Summe der Verbindungspunkte. Bei Punktegleichheit wird die Station mit dem geringeren Gewicht h\u00f6her rangiert. Es wird je eine Rangliste mit allen CW-Verbindungen und eine Rangliste mit allen SSBVerbindungen erstellt.<\/p>\n<h3>4.10 Log und Stationsdaten<\/h3>\n<p>Mehrfach-QSO und unvollst\u00e4ndige QSO sind im Log zu belassen. Die Stationsdaten umfassen Angaben zu Operateur und Standort sowie eine Liste aller Stationsbestandteile gem\u00e4ss Ziffer 4.4 und deren Gewicht. Log und Stationsdaten m\u00fcssen innert 8 Tagen an nmd@uska.ch eingereicht werden. F\u00fcr deren Einreichung sind die unter http:\/\/nmd.uska.ch\/log erh\u00e4ltlichen Hilfsmittel zu verwenden.<\/p>\n","protected":false},"excerpt":{"rendered":"<p>Zum Herunterladen NMD-Reglement 01\/2021 (Deutsch) R\u00e8glement NMD 01\/2021 (Fran\u00e7ais) Regolamento NMD 01\/2021 (Italiano) NMD-Contest-Reglement 2021 (Auszug aus USKA-KW-Contest-Reglement) 4. National Mountain Day Der National Mountain Day wird f\u00fcr Funkamateure in der Schweiz ausgeschrieben. Nebst den Bestimmungen f\u00fcr diesen Wettbewerb gelten auch jene von Kapitel 1. (Bestimmungen f\u00fcr alle KW-Wettbewerbe) 4.1 Datum und Zeit Dritter Sonntag [&hellip;]<\/p>\n","protected":false},"author":1,"featured_media":0,"parent":1359,"menu_order":0,"comment_status":"closed","ping_status":"closed","template":"page-templates\/full-width.php","meta":{"ngg_post_thumbnail":0,"footnotes":""},"class_list":["post-214","page","type-page","status-publish","hentry"],"translation":{"provider":"WPGlobus","version":"3.0.2","language":"de","enabled_languages":["de","fr"],"languages":{"de":{"title":true,"content":true,"excerpt":false},"fr":{"title":false,"content":false,"excerpt":false}}},"_links":{"self":[{"href":"https:\/\/nmd.uska.ch\/index.php\/wp-json\/wp\/v2\/pages\/214","targetHints":{"allow":["GET"]}}],"collection":[{"href":"https:\/\/nmd.uska.ch\/index.php\/wp-json\/wp\/v2\/pages"}],"about":[{"href":"https:\/\/nmd.uska.ch\/index.php\/wp-json\/wp\/v2\/types\/page"}],"author":[{"embeddable":true,"href":"https:\/\/nmd.uska.ch\/index.php\/wp-json\/wp\/v2\/users\/1"}],"replies":[{"embeddable":true,"href":"https:\/\/nmd.uska.ch\/index.php\/wp-json\/wp\/v2\/comments?post=214"}],"version-history":[{"count":12,"href":"https:\/\/nmd.uska.ch\/index.php\/wp-json\/wp\/v2\/pages\/214\/revisions"}],"predecessor-version":[{"id":2827,"href":"https:\/\/nmd.uska.ch\/index.php\/wp-json\/wp\/v2\/pages\/214\/revisions\/2827"}],"up":[{"embeddable":true,"href":"https:\/\/nmd.uska.ch\/index.php\/wp-json\/wp\/v2\/pages\/1359"}],"wp:attachment":[{"href":"https:\/\/nmd.uska.ch\/index.php\/wp-json\/wp\/v2\/media?parent=214"}],"curies":[{"name":"wp","href":"https:\/\/api.w.org\/{rel}","templated":true}]}}