{"id":1813,"date":"2021-04-04T14:19:19","date_gmt":"2021-04-04T14:19:19","guid":{"rendered":"https:\/\/nmd.uska.ch\/?page_id=1813"},"modified":"2021-04-04T14:38:58","modified_gmt":"2021-04-04T14:38:58","slug":"sonderpreis-2021","status":"publish","type":"page","link":"https:\/\/nmd.uska.ch\/index.php\/sonderpreis-2021\/","title":{"rendered":"Sonderpreis 2021"},"content":{"rendered":"<h1>NMD-Sonderpreis 2021 <em>CW und SSB<\/em><em><br \/>\n<\/em>F\u00f6rderung von Stationen, die in beiden Betriebsarten teilnehmen<\/h1>\n<p><img loading=\"lazy\" decoding=\"async\" class=\"size-full wp-image-1817 alignright\" style=\"margin-top: 0.857143rem; margin-bottom: 0.857143rem; margin-left: 1.71429rem;\" src=\"https:\/\/nmd.uska.ch\/wp-content\/uploads\/2021\/04\/ssb_cw.png\" alt=\"\" width=\"189\" height=\"204\"><\/p>\n<p>Gem\u00e4ss dem neu formulierten Art. 4.7 im NMD-Reglement z\u00e4hlen QSO in CW und in SSB mit der selben NMD-Station separat. Zwei NMD-Stationen k\u00f6nne<span style=\"font-size: 1rem;\">n also miteinand<\/span><span style=\"font-size: 1rem;\">er bis vier g\u00fcltige QSO abwickeln, wenn sie in beiden Betriebsarten teilnehmen. Das belebt den Contest und erlaubt den Teilnehmern, eine h\u00f6here Punktzahl zu erreichen. Diese Punkte m\u00fcssen jedoch mit einem betrieblichen und materiellen Mehraufwand erkauft werden.<\/span><\/p>\n<p>Der Sonderpreis honoriert daher in diesem Jahr jene Teilnehmer, die den Contest in beiden Betriebsarten bestreiten.<\/p>\n<h2>Bestimmungen f\u00fcr den Sonderpreis:<\/h2>\n<p><img loading=\"lazy\" decoding=\"async\" class=\"size-medium wp-image-1818 alignright\" style=\"margin-top: 0.857143rem; margin-bottom: 0.857143rem;\" src=\"https:\/\/nmd.uska.ch\/wp-content\/uploads\/2021\/04\/JB_Kl_Scheidegg-300x200.jpg\" alt=\"\" width=\"300\" height=\"200\" srcset=\"https:\/\/nmd.uska.ch\/wp-content\/uploads\/2021\/04\/JB_Kl_Scheidegg-300x200.jpg 300w, https:\/\/nmd.uska.ch\/wp-content\/uploads\/2021\/04\/JB_Kl_Scheidegg-1024x683.jpg 1024w, https:\/\/nmd.uska.ch\/wp-content\/uploads\/2021\/04\/JB_Kl_Scheidegg-768x512.jpg 768w, https:\/\/nmd.uska.ch\/wp-content\/uploads\/2021\/04\/JB_Kl_Scheidegg-1536x1024.jpg 1536w, https:\/\/nmd.uska.ch\/wp-content\/uploads\/2021\/04\/JB_Kl_Scheidegg-624x416.jpg 624w, https:\/\/nmd.uska.ch\/wp-content\/uploads\/2021\/04\/JB_Kl_Scheidegg.jpg 1800w\" sizes=\"auto, (max-width: 300px) 100vw, 300px\" \/><\/p>\n<p>F\u00fcr jede NMD-Station wird eine Punktzahl wie folgt ermittelt: Anzahl CW-QSO multipliziert mit der Anzahl SSB-QSO. Es z\u00e4hlen nur g\u00fcltige QSO mit NMD-Stationen. Die Station mit der h\u00f6chsten Punktzahl gewinnt den Sonderpreis. Eine Anmeldung ist nicht n\u00f6tig.<\/p>\n<p>Der Gewinner des Sonderpreises wird honoriert mit Bergbahn- und Gastronomie-Gutscheinen<\/p>\n<p><strong>im Wert von Fr. 400.&#8211;<\/strong><\/p>\n<p>Diese Gutscheine k\u00f6nnen an den Schaltern der Jungfraubahnen zum Kauf von Billetten benutzt werden, oder sie k\u00f6nnen in<span style=\"font-size: 1rem;\"> Restaurants der Jungfrauregion eingel\u00f6st werden <\/span>(<a href=\"#gslist\">Siehe Liste<\/a>).<\/p>\n<hr>\n<h1>Prix sp\u00e9cial <em>CW et SSB<\/em> lors du NMD 2021<br \/>\nSoutien aux stations qui participent dans les deux modes<img loading=\"lazy\" decoding=\"async\" class=\"size-full wp-image-1817 alignright\" src=\"https:\/\/nmd.uska.ch\/wp-content\/uploads\/2021\/04\/ssb_cw.png\" alt=\"\" width=\"189\" height=\"204\"><\/h1>\n<p>Selon la nouvelle formulation de l\u2019article 4.7 du R\u00e8glement NMD les QSO r\u00e9alis\u00e9s en CW et SSB avec la m\u00eame station sont comptabilis\u00e9s s\u00e9par\u00e9ment. Deux stations NMD peuvent donc r\u00e9aliser jusqu\u2019\u00e0 quatre QSO valides lorsqu\u2019elles utilisent les deux modes ensemble. Cela permet d\u2019animer le contest et permet aussi aux participants d\u2019obtenir un nombre de points plus \u00e9lev\u00e9. Ces points n\u00e9cessitent un engagement et l\u2019utilisation de mat\u00e9riel suppl\u00e9mentaire pour pouvoir \u00eatre acquis.<\/p>\n<p>Le prix sp\u00e9cial de cette ann\u00e9e r\u00e9compense les participants qui s\u2019efforcent d\u2019utiliser les deux modes.<\/p>\n<h2>Dispositions pour le prix sp\u00e9cial&nbsp;:<\/h2>\n<p><img loading=\"lazy\" decoding=\"async\" class=\"size-medium wp-image-1819 alignright\" style=\"margin-top: 0.857143rem; margin-bottom: 0.857143rem;\" src=\"https:\/\/nmd.uska.ch\/wp-content\/uploads\/2021\/04\/JB_SPB1-300x200.jpg\" alt=\"\" width=\"300\" height=\"200\" srcset=\"https:\/\/nmd.uska.ch\/wp-content\/uploads\/2021\/04\/JB_SPB1-300x200.jpg 300w, https:\/\/nmd.uska.ch\/wp-content\/uploads\/2021\/04\/JB_SPB1-1024x683.jpg 1024w, https:\/\/nmd.uska.ch\/wp-content\/uploads\/2021\/04\/JB_SPB1-768x512.jpg 768w, https:\/\/nmd.uska.ch\/wp-content\/uploads\/2021\/04\/JB_SPB1-1536x1025.jpg 1536w, https:\/\/nmd.uska.ch\/wp-content\/uploads\/2021\/04\/JB_SPB1-624x416.jpg 624w, https:\/\/nmd.uska.ch\/wp-content\/uploads\/2021\/04\/JB_SPB1.jpg 1800w\" sizes=\"auto, (max-width: 300px) 100vw, 300px\" \/><\/p>\n<p>Pour chaque station NMD le nombre de points est calcul\u00e9 comme suit : nombre de QSO CW multipli\u00e9 par le nombre de QSO SSB. Ne comptent que les QSO valides avec les stations NMD. La station obtenant le nombre de points le plus \u00e9lev\u00e9 remporte le prix sp\u00e9cial. Une annonce n\u2019est pas n\u00e9cessaire.<\/p>\n<p>Le vainqueur du prix sp\u00e9cial sera r\u00e9compens\u00e9 avec des bons pour de la gastronomie et du chemin de fer de montagne<\/p>\n<p><strong>d\u2019une valeur de fr. 400.&#8211;<\/strong><\/p>\n<p>Ces bons peuvent \u00eatre utilis\u00e9s aux guichets des chemins de fer de la Jungfrau pour l\u2019achat de billets, ou \u00eatre \u00e9chang\u00e9s dans les restaurants de la r\u00e9gion de la Jungfrau (<a href=\"#gslist\">voir liste<\/a>).<\/p>\n<hr>\n<h1>Prezzo speciale NMD 2021 <em>CW e SSB<br \/>\n<\/em>Promozione delle stazioni che partecipano a entrambe i modi<img loading=\"lazy\" decoding=\"async\" class=\"size-full wp-image-1817 alignright\" src=\"https:\/\/nmd.uska.ch\/wp-content\/uploads\/2021\/04\/ssb_cw.png\" alt=\"\" width=\"189\" height=\"204\"><\/h1>\n<p>Secondo il nuovo articolo 4.7 nel regolamento NMD, QSO in CW e in SSB contano separatamente con la stessa stazione NMD. Due stazioni NMD possono quindi effettuare fino a quattro QSO validi tra loro se partecipano a entrambi i modi di trasmissione. Questo anima il contest e permette ai partecipanti di ottenere un maggior numero di punti. Tuttavia, questi punti devono essere acquistati con costi operativi e materiali aggiuntivi.<\/p>\n<p>Quest&#8217;anno, quindi, il premio speciale sar\u00e0 per i partecipanti che partecipano al contest in entrambi i modi.<\/p>\n<h2><strong>Disposizioni per il premio speciale:<\/strong><\/h2>\n<p><img loading=\"lazy\" decoding=\"async\" class=\"size-medium wp-image-1820 alignright\" style=\"margin-top: 0.857143rem; margin-bottom: 0.857143rem;\" src=\"https:\/\/nmd.uska.ch\/wp-content\/uploads\/2021\/04\/JB_WAB1-300x200.jpg\" alt=\"\" width=\"300\" height=\"200\" srcset=\"https:\/\/nmd.uska.ch\/wp-content\/uploads\/2021\/04\/JB_WAB1-300x200.jpg 300w, https:\/\/nmd.uska.ch\/wp-content\/uploads\/2021\/04\/JB_WAB1-1024x683.jpg 1024w, https:\/\/nmd.uska.ch\/wp-content\/uploads\/2021\/04\/JB_WAB1-768x512.jpg 768w, https:\/\/nmd.uska.ch\/wp-content\/uploads\/2021\/04\/JB_WAB1-1536x1024.jpg 1536w, https:\/\/nmd.uska.ch\/wp-content\/uploads\/2021\/04\/JB_WAB1-624x416.jpg 624w, https:\/\/nmd.uska.ch\/wp-content\/uploads\/2021\/04\/JB_WAB1.jpg 1800w\" sizes=\"auto, (max-width: 300px) 100vw, 300px\" \/><\/p>\n<p>Per ogni stazione NMD, il punteggio viene determinato come segue: Numero di QSO CW moltiplicato per il numero di QSO SSB. Contano solo QSO validi con stazioni NMD. La stazione con il punteggio pi\u00f9 alto vince il premio speciale. La registrazione non \u00e8 necessaria.<\/p>\n<p>Il vincitore del premio speciale sar\u00e0 onorato con Buoni per biglietti della ferrovia di mon\u00adtagna e la gastronomia<\/p>\n<p><strong>del valore di Sfr. 400.&#8211;<\/strong><\/p>\n<p>Questi buoni possono essere utilizzati presso le ferrovie della Jungfrau per acquistare i biglietti, oppure possono essere riscattati nei ristoranti della regione della Jungfrau.<br \/>\n(<a href=\"#gslist\">Vedi elenco<\/a>)<\/p>\n<hr>\n<div id=\"gslist\">\n<p><strong>Die NMD-Sonderpreis-Gutscheine k\u00f6nnen folgenden Restaurants eingel\u00f6st werden:<\/strong><br \/>\n<strong>Les bons du prix sp\u00e9cial NMD peuvent \u00eatre \u00e9chang\u00e9s dans les restaurants suivants&nbsp;:<\/strong><br \/>\n<strong>I premi speciali NMD possono essere riscattati nei seguenti ristoranti:<\/strong><\/p>\n<ul>\n<li>Bistro Terminal, Grindelwald<\/li>\n<li>e-tron energy bar, Grindelwald<\/li>\n<li>Noodle Soup Bar, Grindelwald<\/li>\n<li>Bistro Eigergletscher<\/li>\n<li>Gletscherrestaurant Jungfraujoch<\/li>\n<li>Restaurant Eigergletscher<\/li>\n<li>Bergrestaurant Kleine Scheidegg<\/li>\n<li>Berggasthaus First<\/li>\n<li>Restaurant Grund, Grindelwald<\/li>\n<li>Restaurant Winteregg<\/li>\n<li>Berghotel Schynige Platte<\/li>\n<li>Panorama-Restaurant Harder Kulm<\/li>\n<\/ul>\n<\/div>\n","protected":false},"excerpt":{"rendered":"<p>NMD-Sonderpreis 2021 CW und SSB F\u00f6rderung von Stationen, die in beiden Betriebsarten teilnehmen Gem\u00e4ss dem neu formulierten Art. 4.7 im NMD-Reglement z\u00e4hlen QSO in CW und in SSB mit der selben NMD-Station separat. Zwei NMD-Stationen k\u00f6nnen also miteinander bis vier g\u00fcltige QSO abwickeln, wenn sie in beiden Betriebsarten teilnehmen. Das belebt den Contest und erlaubt [&hellip;]<\/p>\n","protected":false},"author":1,"featured_media":0,"parent":0,"menu_order":0,"comment_status":"closed","ping_status":"closed","template":"page-templates\/full-width.php","meta":{"ngg_post_thumbnail":0,"footnotes":""},"class_list":["post-1813","page","type-page","status-publish","hentry"],"translation":{"provider":"WPGlobus","version":"3.0.2","language":"de","enabled_languages":["de","fr"],"languages":{"de":{"title":true,"content":true,"excerpt":false},"fr":{"title":false,"content":false,"excerpt":false}}},"_links":{"self":[{"href":"https:\/\/nmd.uska.ch\/index.php\/wp-json\/wp\/v2\/pages\/1813","targetHints":{"allow":["GET"]}}],"collection":[{"href":"https:\/\/nmd.uska.ch\/index.php\/wp-json\/wp\/v2\/pages"}],"about":[{"href":"https:\/\/nmd.uska.ch\/index.php\/wp-json\/wp\/v2\/types\/page"}],"author":[{"embeddable":true,"href":"https:\/\/nmd.uska.ch\/index.php\/wp-json\/wp\/v2\/users\/1"}],"replies":[{"embeddable":true,"href":"https:\/\/nmd.uska.ch\/index.php\/wp-json\/wp\/v2\/comments?post=1813"}],"version-history":[{"count":16,"href":"https:\/\/nmd.uska.ch\/index.php\/wp-json\/wp\/v2\/pages\/1813\/revisions"}],"predecessor-version":[{"id":1815,"href":"https:\/\/nmd.uska.ch\/index.php\/wp-json\/wp\/v2\/pages\/1813\/revisions\/1815"}],"wp:attachment":[{"href":"https:\/\/nmd.uska.ch\/index.php\/wp-json\/wp\/v2\/media?parent=1813"}],"curies":[{"name":"wp","href":"https:\/\/api.w.org\/{rel}","templated":true}]}}