{"id":1323,"date":"2020-03-08T12:48:41","date_gmt":"2020-03-08T12:48:41","guid":{"rendered":"https:\/\/nmd.kohler.world\/?page_id=1323"},"modified":"2023-11-10T19:23:56","modified_gmt":"2023-11-10T19:23:56","slug":"selbstbau","status":"publish","type":"page","link":"https:\/\/nmd.uska.ch\/index.php\/selbstbau\/","title":{"rendered":"Selbstbau"},"content":{"rendered":"<div class=\"csc-header csc-header-n1\">\n<h1 class=\"csc-firstHeader\">NMD Transceiver und PAs<\/h1>\n<p><a href=\"https:\/\/nmd.uska.ch\/wp-content\/uploads\/2020\/03\/HTC_Bericht_Bilder_vorlage_pdf_mit_schemas.pdf\" class=\"mtli_attachment mtli_pdf\">NMD Transceiver von HB9ABO<\/a><br \/>\n<a href=\"https:\/\/nmd.uska.ch\/wp-content\/uploads\/2020\/03\/BXE_mini_LU1.pdf\" class=\"mtli_attachment mtli_pdf\">Micro LU Transceiver von HB9BXE<\/a><br \/>\n<a href=\"https:\/\/nmd.uska.ch\/wp-content\/uploads\/2020\/03\/PA_Klasse_E.pdf\" class=\"mtli_attachment mtli_pdf\">Klasse E NMD PA von HB9ABO<\/a><br \/>\n<a href=\"https:\/\/nmd.uska.ch\/wp-content\/uploads\/2020\/03\/nmd-pa-hb9qo-Bericht-V2b.pdf\" class=\"mtli_attachment mtli_pdf\">Klasse C NMD PA von HB9QO<\/a><br \/>\n<a href=\"https:\/\/nmd.uska.ch\/wp-content\/uploads\/2023\/08\/NMD-2023-1kW-Vortrag-Olten.pdf\" class=\"mtli_attachment mtli_pdf\">1kW Endstufe HB9BXE<\/a><br \/>\n<a href=\"https:\/\/nmd.uska.ch\/wp-content\/uploads\/2023\/08\/Bericht-NMD-2023-von-HB9TI.pdf\" class=\"mtli_attachment mtli_pdf\">1kW Endstufe HB9TI<\/a><\/p>\n<h1>Antennen und Anpassger\u00e4te<\/h1>\n<p><a href=\"https:\/\/nmd.uska.ch\/wp-content\/uploads\/2020\/03\/Matchbox-BXE.pdf\" class=\"mtli_attachment mtli_pdf\">QRP Matchbox von HB9BXE<\/a><br \/>\n<a href=\"https:\/\/nmd.uska.ch\/wp-content\/uploads\/2020\/03\/BXE_Fuchskreis_komplett.pdf\" class=\"mtli_attachment mtli_pdf\">QRP Fuchsantenne von HB9BXE<\/a><br \/>\n<a href=\"https:\/\/nmd.uska.ch\/wp-content\/uploads\/2020\/03\/Kursdoku.pdf\" class=\"mtli_attachment mtli_pdf\">Ein Leichtdipol f\u00fcr den NMD<\/a>&nbsp;(Dipolkurs der NMD Kommission 2011)<br \/>\n<a href=\"https:\/\/nmd.uska.ch\/wp-content\/uploads\/2020\/03\/dipol.zip\" class=\"mtli_attachment mtli_zip\">Dipol-Berechnungsprogramm<\/a>&nbsp;(HB9ABO, Erg\u00e4nzung zum Dipolkurs)<br \/>\n<a href=\"https:\/\/nmd.uska.ch\/wp-content\/uploads\/2020\/03\/HB9CLN_80m-Diplexer_HTC.pdf\" class=\"mtli_attachment mtli_pdf\">Diplexer f\u00fcr den gleichzeitigen CW- und SSB-Betrieb an derselben Antenne<\/a>&nbsp;(HB9CLN, HB3YMQ)<br \/>\n<a href=\"https:\/\/nmd.uska.ch\/wp-content\/uploads\/2022\/08\/HB9CLN-80m-EFHW-am-NMD.pdf\" class=\"mtli_attachment mtli_pdf\">Endgespiesener Halbwellen-Dipol (EFHW) f\u00fcr 80m<\/a> (HB9CLN)<\/p>\n<h1>Tasten und Diverses<\/h1>\n<p><a href=\"https:\/\/nmd.uska.ch\/wp-content\/uploads\/2020\/03\/Innovation_HB9AFH_NMD_08.pdf\" class=\"mtli_attachment mtli_pdf\">Distanzbolzentaste von HB9AFH<\/a><br \/>\n<a href=\"https:\/\/nmd.uska.ch\/wp-content\/uploads\/2020\/03\/Akkupraxis2.pdf\" class=\"mtli_attachment mtli_pdf\">Akkus in der Praxis von HB9ABO<\/a><br \/>\n<a href=\"https:\/\/nmd.uska.ch\/wp-content\/uploads\/2020\/03\/RBN_Einrichten-V1_2_31_10_2010b.pdf\" class=\"mtli_attachment mtli_pdf\">Einrichten eines RBN (Reverse Beacon Network) Knotens von HB9AFH<\/a><br \/>\n<a href=\"https:\/\/nmd.uska.ch\/wp-content\/uploads\/2020\/03\/NMD_Neue_Tech.pdf\" class=\"mtli_attachment mtli_pdf\">Neue Techniken am NMD<\/a> (Vortrag von HB9TVK @ USKA Sektion Bern 2011)<\/p>\n<\/div>\n","protected":false},"excerpt":{"rendered":"<p>NMD Transceiver und PAs NMD Transceiver von HB9ABO Micro LU Transceiver von HB9BXE Klasse E NMD PA von HB9ABO Klasse C NMD PA von HB9QO 1kW Endstufe HB9BXE 1kW Endstufe HB9TI Antennen und Anpassger\u00e4te QRP Matchbox von HB9BXE QRP Fuchsantenne von HB9BXE Ein Leichtdipol f\u00fcr den NMD&nbsp;(Dipolkurs der NMD Kommission 2011) Dipol-Berechnungsprogramm&nbsp;(HB9ABO, Erg\u00e4nzung zum Dipolkurs) [&hellip;]<\/p>\n","protected":false},"author":1,"featured_media":0,"parent":0,"menu_order":0,"comment_status":"closed","ping_status":"closed","template":"page-templates\/full-width.php","meta":{"ngg_post_thumbnail":0,"footnotes":""},"class_list":["post-1323","page","type-page","status-publish","hentry"],"translation":{"provider":"WPGlobus","version":"3.0.2","language":"de","enabled_languages":["de","fr"],"languages":{"de":{"title":true,"content":true,"excerpt":false},"fr":{"title":false,"content":false,"excerpt":false}}},"_links":{"self":[{"href":"https:\/\/nmd.uska.ch\/index.php\/wp-json\/wp\/v2\/pages\/1323","targetHints":{"allow":["GET"]}}],"collection":[{"href":"https:\/\/nmd.uska.ch\/index.php\/wp-json\/wp\/v2\/pages"}],"about":[{"href":"https:\/\/nmd.uska.ch\/index.php\/wp-json\/wp\/v2\/types\/page"}],"author":[{"embeddable":true,"href":"https:\/\/nmd.uska.ch\/index.php\/wp-json\/wp\/v2\/users\/1"}],"replies":[{"embeddable":true,"href":"https:\/\/nmd.uska.ch\/index.php\/wp-json\/wp\/v2\/comments?post=1323"}],"version-history":[{"count":8,"href":"https:\/\/nmd.uska.ch\/index.php\/wp-json\/wp\/v2\/pages\/1323\/revisions"}],"predecessor-version":[{"id":2553,"href":"https:\/\/nmd.uska.ch\/index.php\/wp-json\/wp\/v2\/pages\/1323\/revisions\/2553"}],"wp:attachment":[{"href":"https:\/\/nmd.uska.ch\/index.php\/wp-json\/wp\/v2\/media?parent=1323"}],"curies":[{"name":"wp","href":"https:\/\/api.w.org\/{rel}","templated":true}]}}