{"id":103,"date":"2017-04-16T11:10:59","date_gmt":"2017-04-16T11:10:59","guid":{"rendered":"https:\/\/nmd.uska.ch\/?page_id=103"},"modified":"2021-05-15T17:27:58","modified_gmt":"2021-05-15T17:27:58","slug":"tipps","status":"publish","type":"page","link":"https:\/\/nmd.uska.ch\/index.php\/tipps\/","title":{"rendered":"Tipps f\u00fcr den NMD"},"content":{"rendered":"<h3>Monate bis Wochen vor dem Contest<\/h3>\n<p class=\"bodytext\">Suche anhand einer Karte m\u00f6gliche Standorte. Besuche diese und bewerte sie nach den folgenden Kriterien:<\/p>\n<ul>\n<li>Denk an einen Stuhl, eine Ablage f\u00fcr die Station. Ein NMD ist stehenderweise kaum durchzustehen.<\/li>\n<li>Habe immer einen Sch\u00f6n- und einen&nbsp;Schlechtwetter-Standort in Aussicht<\/li>\n<li>Sch\u00fctze Dich vor Sonne, Regen, Wind und Insekten. Zur Not kann man das Auto als Schlechtwetter-Standort benutzen.<\/li>\n<li>Rastpl\u00e4tze, Aussichtspunkte sind meist gut besucht, man wird dadurch abgelenkt.<\/li>\n<li>Schafe sind harmlos, meide aber die N\u00e4he von weidenden K\u00fchen!<\/li>\n<li>Halte Distanz zu Elektroz\u00e4unen und Hochspannungsleitungen.<\/li>\n<li>Auf einem Gipfel ist man stark dem Wetter ausgesetzt.<\/li>\n<li>Der Situation entsprechend, frage bei den Einheimischen um Erlaubnis nach.<\/li>\n<li>Antenne:\n<ul>\n<li>Ein frei gespannter Dipol von 2 x 20.2m L\u00e4nge, direkt gespeist mit einem Koaxkabel ist f\u00fcr die meisten Situationen die beste Antenne.<\/li>\n<li>Bei hoher Aufh\u00e4ngung des Speisepunktes k\u00f6nnen die Enden bis 2m zum Boden gef\u00fchrt werden.<\/li>\n<li>Resonanzfrequenz um 100kHz erh\u00f6hen: um je 50cm k\u00fcrzen (senken: verl\u00e4ngern)<\/li>\n<li>Resonanzfrequenz um 10kHz erh\u00f6hen: um je 5-6cm k\u00fcrzen (senken: verl\u00e4ngern)<\/li>\n<\/ul>\n<\/li>\n<li>N\u00f6tigenfalls eine Leihstation (&#8222;Schnuppertasche&#8220;) bei <a>nmd(at)uska.ch<\/a> reservieren<\/li>\n<\/ul>\n<h3>Wochen bis Tage vor dem Contest<\/h3>\n<ul>\n<li>Bereite Dich mit Hilfe der <a href=\"https:\/\/nmd.uska.ch\/index.php\/checkliste\/\">NMD-Checkliste<\/a> vor!<\/li>\n<li>Stelle den Rig mit allen Kabeln zusammen; fahre Test-QSOs mit der NMD-Station.<\/li>\n<li>Eine Material-Checkliste stellt sicher, dass f\u00fcr den NMD nichts vergessen wird.<\/li>\n<li>Fitnesstraining f\u00fcr CW: Auf der NMD Homepage:&nbsp;<a href=\"https:\/\/nmd.uska.ch\/index.php\/vorbereitung\/morsetraining\/\">Morsetraining<\/a><\/li>\n<\/ul>\n<h3>Am Vortag des NMD<\/h3>\n<ul>\n<li>Batterien laden!<\/li>\n<li>Beobachte die Wettertendenz auf den NMD-Sonntag hin. Z.B. bei <b><a class=\"external-link-new-window\" href=\"https:\/\/www.meteoschweiz.admin.ch\/home.html?tab=overview\" target=\"_blank\" rel=\"noopener noreferrer\">Meteo Schweiz<\/a><\/b> und bei <b><a class=\"external-link-new-window\" href=\"http:\/\/www.metradar.ch\/de\/ppi_aktuell.php\" target=\"_blank\" rel=\"noopener noreferrer\">Meteoradar<\/a><\/b>.<\/li>\n<li>QRX f\u00fcr Tests vor dem NMD:\n<ul>\n<li>Anruffrequenz: 3545 kHz<\/li>\n<li>QTR: HH+00, HH+15, HH+30, H+45<\/li>\n<\/ul>\n<\/li>\n<\/ul>\n<h3>Vor Contestbeginn am Standort<\/h3>\n<ul>\n<li>Fixiere Dein Logblatt, damit es nicht vom Wind weggeblasen wird!<\/li>\n<li>Alle Unterlagen in Griffweite anordnen!<\/li>\n<li>Reservebleistift und Radiergummi bereithalten.<\/li>\n<li>Behalte das Wetter im Auge (Gewitter).<\/li>\n<\/ul>\n<h3>Im Contest<\/h3>\n<ul>\n<li>Nutze die QSK-F\u00e4higkeit des Transceivers; BK Verkehr ist effizienter.<\/li>\n<li>Ein zweiter VFO erlaubt einen flexibleren Betrieb<\/li>\n<\/ul>\n","protected":false},"excerpt":{"rendered":"<p>Monate bis Wochen vor dem Contest Suche anhand einer Karte m\u00f6gliche Standorte. Besuche diese und bewerte sie nach den folgenden Kriterien: Denk an einen Stuhl, eine Ablage f\u00fcr die Station. Ein NMD ist stehenderweise kaum durchzustehen. Habe immer einen Sch\u00f6n- und einen&nbsp;Schlechtwetter-Standort in Aussicht Sch\u00fctze Dich vor Sonne, Regen, Wind und Insekten. Zur Not kann [&hellip;]<\/p>\n","protected":false},"author":1,"featured_media":0,"parent":0,"menu_order":0,"comment_status":"closed","ping_status":"closed","template":"page-templates\/full-width.php","meta":{"ngg_post_thumbnail":0,"footnotes":""},"class_list":["post-103","page","type-page","status-publish","hentry"],"translation":{"provider":"WPGlobus","version":"3.0.2","language":"de","enabled_languages":["de","fr"],"languages":{"de":{"title":true,"content":true,"excerpt":false},"fr":{"title":true,"content":true,"excerpt":false}}},"_links":{"self":[{"href":"https:\/\/nmd.uska.ch\/index.php\/wp-json\/wp\/v2\/pages\/103","targetHints":{"allow":["GET"]}}],"collection":[{"href":"https:\/\/nmd.uska.ch\/index.php\/wp-json\/wp\/v2\/pages"}],"about":[{"href":"https:\/\/nmd.uska.ch\/index.php\/wp-json\/wp\/v2\/types\/page"}],"author":[{"embeddable":true,"href":"https:\/\/nmd.uska.ch\/index.php\/wp-json\/wp\/v2\/users\/1"}],"replies":[{"embeddable":true,"href":"https:\/\/nmd.uska.ch\/index.php\/wp-json\/wp\/v2\/comments?post=103"}],"version-history":[{"count":12,"href":"https:\/\/nmd.uska.ch\/index.php\/wp-json\/wp\/v2\/pages\/103\/revisions"}],"predecessor-version":[{"id":3026,"href":"https:\/\/nmd.uska.ch\/index.php\/wp-json\/wp\/v2\/pages\/103\/revisions\/3026"}],"wp:attachment":[{"href":"https:\/\/nmd.uska.ch\/index.php\/wp-json\/wp\/v2\/media?parent=103"}],"curies":[{"name":"wp","href":"https:\/\/api.w.org\/{rel}","templated":true}]}}