

{"id":368,"date":"2020-02-02T15:03:36","date_gmt":"2020-02-02T15:03:36","guid":{"rendered":"https:\/\/nmd.kohler.world\/?page_id=368"},"modified":"2020-02-02T15:08:39","modified_gmt":"2020-02-02T15:08:39","slug":"rangliste-2004","status":"publish","type":"page","link":"https:\/\/nmd.uska.ch\/fr\/index.php\/ranglisten\/rangliste-2004\/","title":{"rendered":"Rangliste 2004"},"content":{"rendered":"\n        <div id=\"map_ol3js_1\"\n             class=\"map undefined\"\n             data-map_name=\"undefined\"\n             data-map=\"map_ol3js_1\"\n             style=\"width:100%;\n                    max-width:100%;\n                    height:450px;\n                    display:block;\n                    overflow:hidden;\n                    border:2px solid grey;\">\n          <div id=\"map_ol3js_1_popup\" class=\"ol-popup\">\n            <a href=\"#\" id=\"map_ol3js_1_popup-closer\" class=\"ol-popup-closer\"><\/a>\n            <div id=\"map_ol3js_1_popup-content\"><\/div>\n          <\/div>\n        <\/div>\n    \n\n\t\t\t\t<script type=\"text\/javascript\">\n\t\t\t\t\ttranslations['openlayer'] = \"open layer\";\n\t\t\t\t\ttranslations['openlayerAtStartup'] = \"open layer at startup\";\n\t\t\t\t\ttranslations['generateLink'] = \"link to this map with opened layers\";\n\t\t\t\t\ttranslations['shortDescription'] = \"short description\";\n\t\t\t\t\ttranslations['generatedShortCode'] = \"to get a text control link paste this code in your wordpress editor\";\n\t\t\t\t\ttranslations['closeLayer'] = \"close layer\";\n\t\t\t\t\ttranslations['cantGenerateLink'] = \"put this string in the existing map short code to control this map\";\n\t\t\t  <\/script>\n\n\n\t\t\t  <script type=\"text\/javascript\">\n\t\t\t  vectorM['map_ol3js_1'] = [];\n\t        \n        var raster = getTileLayer(\"osm\",\"NoKey\");\t\t\t\n\n\t\t\t  var map_ol3js_1 = new ol.Map({\n\t\t\t\tinteractions: ol.interaction.defaults.defaults({mouseWheelZoom:true}),\n\t\t\t\tlayers: [raster],\n\t\t\t\ttarget: \"map_ol3js_1\",\n\t\t\t\tview: new ol.View({\n\t\t\t\t  center: ol.proj.transform([8.3032,46.7861], \"EPSG:4326\", \"EPSG:3857\"),\n\t\t\t\t  zoom: 8\n\t\t\t\t})\n\t\t\t  });\n\t\t\t  \n    var style0 = {\n      \"Point\": [new ol.style.Style({\n\n          image: new ol.style.Icon({\n            anchor: [0.5, 41],\n            anchorXUnits: \"fraction\",\n            anchorYUnits: \"pixels\",\n            opacity: 0.75,\n            src: \"https:\/\/nmd.uska.ch\/wp-content\/plugins\/osm\/icons\/mic_blue_pinother_02.png\"\n          })\n      })],\n\n      \"LineString\": [new ol.style.Style({\n        stroke: new ol.style.Stroke({\n          color: \"#fa0004\",\n          width: 8\n        })\n      })],\n      \"MultiLineString\": [new ol.style.Style({\n        stroke: new ol.style.Stroke({\n          color: \"#fa0004\",\n          width: 4\n        })\n      })]\n    };\n\t\t  vectorL0 = new ol.layer.Vector({\n\n\t\t\tsource: new ol.source.Vector({\n\t\t  url:\"..\/..\/..\/..\/kml\/2004.kml\",\n\t\t\t  format: new ol.format.KML({ showPointNames: false})\n\t\t\t}),\n         zIndex: 92\n\t\t  });map_ol3js_1.addLayer(vectorL0);addControls2Map(map_ol3js_1,0,0,3,0,5,6,7,0,1);\nosm_addPopupClickhandler(map_ol3js_1,  \"map_ol3js_1\"); \nosm_addMouseHover(map_ol3js_1); <\/script>\r\n<!-- \/wp:post-content -->\r\n\r\n<!-- wp:paragraph -->\r\n\n<table id=\"tablepress-6\" class=\"tablepress tablepress-id-6\">\n<thead>\n<tr class=\"row-1\">\n\t<th class=\"column-1\">Rang<\/th><th class=\"column-2\">QRA<\/th><th class=\"column-3\">QTH<\/th><th class=\"column-4\">QAH<\/th><th class=\"column-5\">Weight<\/th><th class=\"column-6\">PWR<\/th><th class=\"column-7\">NMD<\/th><th class=\"column-8\">HB<\/th><th class=\"column-9\">EU<\/th><th class=\"column-10\">QSO<\/th><th class=\"column-11\">PTS<\/th>\n<\/tr>\n<\/thead>\n<tbody class=\"row-striping row-hover\">\n<tr class=\"row-2\">\n\t<td class=\"column-1\">1<\/td><td class=\"column-2\">HB9ABO\/P<\/td><td class=\"column-3\">Bain dal Ram\u00fcttel nr M\u00fcstair \/ GR<\/td><td class=\"column-4\">1291m<\/td><td class=\"column-5\">5217<\/td><td class=\"column-6\">8\/180W<\/td><td class=\"column-7\">71<\/td><td class=\"column-8\">22<\/td><td class=\"column-9\">11<\/td><td class=\"column-10\">104<\/td><td class=\"column-11\">317<\/td>\n<\/tr>\n<tr class=\"row-3\">\n\t<td class=\"column-1\">2<\/td><td class=\"column-2\">HB9CGA\/P<\/td><td class=\"column-3\">H\u00fcttstel \/ ZH<\/td><td class=\"column-4\">802m<\/td><td class=\"column-5\">5420<\/td><td class=\"column-6\">70W<\/td><td class=\"column-7\">67<\/td><td class=\"column-8\">24<\/td><td class=\"column-9\">12<\/td><td class=\"column-10\">103<\/td><td class=\"column-11\">304<\/td>\n<\/tr>\n<tr class=\"row-4\">\n\t<td class=\"column-1\">3<\/td><td class=\"column-2\">HB9BXE\/P<\/td><td class=\"column-3\">N\u00e4he Michaelskreuz \/ LU<\/td><td class=\"column-4\">840m<\/td><td class=\"column-5\">4180<\/td><td class=\"column-6\">1\/100W<\/td><td class=\"column-7\">66<\/td><td class=\"column-8\">32<\/td><td class=\"column-9\">6<\/td><td class=\"column-10\">104<\/td><td class=\"column-11\">302<\/td>\n<\/tr>\n<tr class=\"row-5\">\n\t<td class=\"column-1\">4<\/td><td class=\"column-2\">HB9FMU\/P<\/td><td class=\"column-3\">Passwang \/ SO<\/td><td class=\"column-4\">1204m<\/td><td class=\"column-5\">4690<\/td><td class=\"column-6\">5W<\/td><td class=\"column-7\">63<\/td><td class=\"column-8\">18<\/td><td class=\"column-9\">6<\/td><td class=\"column-10\">87<\/td><td class=\"column-11\">276<\/td>\n<\/tr>\n<tr class=\"row-6\">\n\t<td class=\"column-1\">5<\/td><td class=\"column-2\">HB9AIU\/P<\/td><td class=\"column-3\">Ewegstafel \/ ZG<\/td><td class=\"column-4\">990m<\/td><td class=\"column-5\">5800<\/td><td class=\"column-6\">5W<\/td><td class=\"column-7\">64<\/td><td class=\"column-8\">15<\/td><td class=\"column-9\">3<\/td><td class=\"column-10\">82<\/td><td class=\"column-11\">274<\/td>\n<\/tr>\n<tr class=\"row-7\">\n\t<td class=\"column-1\">6<\/td><td class=\"column-2\">HB9AFH\/P<\/td><td class=\"column-3\">Monte C\u00f2 \/ TI<\/td><td class=\"column-4\">1376m<\/td><td class=\"column-5\">2396<\/td><td class=\"column-6\">6W<\/td><td class=\"column-7\">64<\/td><td class=\"column-8\">10<\/td><td class=\"column-9\">1<\/td><td class=\"column-10\">75<\/td><td class=\"column-11\">267<\/td>\n<\/tr>\n<tr class=\"row-8\">\n\t<td class=\"column-1\">7<\/td><td class=\"column-2\">HB9KT\/P<\/td><td class=\"column-3\">Les Mermets dessus \/ JU<\/td><td class=\"column-4\">830m<\/td><td class=\"column-5\">5150<\/td><td class=\"column-6\">5W<\/td><td class=\"column-7\">59<\/td><td class=\"column-8\">20<\/td><td class=\"column-9\">3<\/td><td class=\"column-10\">82<\/td><td class=\"column-11\">259<\/td>\n<\/tr>\n<tr class=\"row-9\">\n\t<td class=\"column-1\">8<\/td><td class=\"column-2\">HB9BQB\/P<\/td><td class=\"column-3\">Rateng\u00fctsch \/ ZG<\/td><td class=\"column-4\">1119m<\/td><td class=\"column-5\">4200<\/td><td class=\"column-6\">8W<\/td><td class=\"column-7\">59<\/td><td class=\"column-8\">9<\/td><td class=\"column-9\">1<\/td><td class=\"column-10\">69<\/td><td class=\"column-11\">246<\/td>\n<\/tr>\n<tr class=\"row-10\">\n\t<td class=\"column-1\">9<\/td><td class=\"column-2\">HB9AFI\/P<\/td><td class=\"column-3\">Epinettes, Froideville \/ VD<\/td><td class=\"column-4\">840m<\/td><td class=\"column-5\">5910<\/td><td class=\"column-6\">15W<\/td><td class=\"column-7\">54<\/td><td class=\"column-8\">12<\/td><td class=\"column-9\">6<\/td><td class=\"column-10\">72<\/td><td class=\"column-11\">234<\/td>\n<\/tr>\n<tr class=\"row-11\">\n\t<td class=\"column-1\">10<\/td><td class=\"column-2\">HB9MD\/P<\/td><td class=\"column-3\">Langmatt\/Wildspitz \/ ZG<\/td><td class=\"column-4\">1520m<\/td><td class=\"column-5\">4960<\/td><td class=\"column-6\">7W<\/td><td class=\"column-7\">54<\/td><td class=\"column-8\">15<\/td><td class=\"column-9\">2<\/td><td class=\"column-10\">71<\/td><td class=\"column-11\">233<\/td>\n<\/tr>\n<tr class=\"row-12\">\n\t<td class=\"column-1\">11<\/td><td class=\"column-2\">HB9CEX\/P<\/td><td class=\"column-3\">8841 Gross \/ SZ<\/td><td class=\"column-4\">893m<\/td><td class=\"column-5\">5200<\/td><td class=\"column-6\">5W<\/td><td class=\"column-7\">55<\/td><td class=\"column-8\">12<\/td><td class=\"column-9\">1<\/td><td class=\"column-10\">68<\/td><td class=\"column-11\">233<\/td>\n<\/tr>\n<tr class=\"row-13\">\n\t<td class=\"column-1\">12<\/td><td class=\"column-2\">HB9QO\/P<\/td><td class=\"column-3\">Lindenberg \/ AG<\/td><td class=\"column-4\">878m<\/td><td class=\"column-5\">2637<\/td><td class=\"column-6\">2W<\/td><td class=\"column-7\">54<\/td><td class=\"column-8\">5<\/td><td class=\"column-9\">2<\/td><td class=\"column-10\">61<\/td><td class=\"column-11\">223<\/td>\n<\/tr>\n<tr class=\"row-14\">\n\t<td class=\"column-1\">13<\/td><td class=\"column-2\">HB9BSH\/P<\/td><td class=\"column-3\">Bannholz \/ SG<\/td><td class=\"column-4\">870m<\/td><td class=\"column-5\">3885<\/td><td class=\"column-6\">5W<\/td><td class=\"column-7\">50<\/td><td class=\"column-8\">15<\/td><td class=\"column-9\">1<\/td><td class=\"column-10\">66<\/td><td class=\"column-11\">216<\/td>\n<\/tr>\n<tr class=\"row-15\">\n\t<td class=\"column-1\">14<\/td><td class=\"column-2\">HB9IAB\/P<\/td><td class=\"column-3\">Les Cougnons \/ VD<\/td><td class=\"column-4\">1450m<\/td><td class=\"column-5\">4220<\/td><td class=\"column-6\">4W<\/td><td class=\"column-7\">49<\/td><td class=\"column-8\">12<\/td><td class=\"column-9\">6<\/td><td class=\"column-10\">67<\/td><td class=\"column-11\">214<\/td>\n<\/tr>\n<tr class=\"row-16\">\n\t<td class=\"column-1\">15<\/td><td class=\"column-2\">HB9BBD\/P<\/td><td class=\"column-3\">Gadmen \/ BE<\/td><td class=\"column-4\">945m<\/td><td class=\"column-5\">5999<\/td><td class=\"column-6\">45W<\/td><td class=\"column-7\">46<\/td><td class=\"column-8\">11<\/td><td class=\"column-9\">10<\/td><td class=\"column-10\">67<\/td><td class=\"column-11\">205<\/td>\n<\/tr>\n<tr class=\"row-17\">\n\t<td class=\"column-1\">16<\/td><td class=\"column-2\">HB9RE\/P<\/td><td class=\"column-3\">Uto-Kulm \/ ZH<\/td><td class=\"column-4\">850m<\/td><td class=\"column-5\">4000<\/td><td class=\"column-6\">5W<\/td><td class=\"column-7\">47<\/td><td class=\"column-8\">15<\/td><td class=\"column-9\">0<\/td><td class=\"column-10\">62<\/td><td class=\"column-11\">203<\/td>\n<\/tr>\n<tr class=\"row-18\">\n\t<td class=\"column-1\">17<\/td><td class=\"column-2\">HB9FAE\/P<\/td><td class=\"column-3\">Monti di Medeglia \/ TI<\/td><td class=\"column-4\">1007m<\/td><td class=\"column-5\">4700<\/td><td class=\"column-6\">5W<\/td><td class=\"column-7\">46<\/td><td class=\"column-8\">8<\/td><td class=\"column-9\">1<\/td><td class=\"column-10\">55<\/td><td class=\"column-11\">193<\/td>\n<\/tr>\n<tr class=\"row-19\">\n\t<td class=\"column-1\">18<\/td><td class=\"column-2\">HB9DHH\/P<\/td><td class=\"column-3\">H\u00f6ggwald \/ AR<\/td><td class=\"column-4\">868m<\/td><td class=\"column-5\">5262<\/td><td class=\"column-6\">5W<\/td><td class=\"column-7\">44<\/td><td class=\"column-8\">10<\/td><td class=\"column-9\">3<\/td><td class=\"column-10\">57<\/td><td class=\"column-11\">189<\/td>\n<\/tr>\n<tr class=\"row-20\">\n\t<td class=\"column-1\">19<\/td><td class=\"column-2\">HB9AXL\/P<\/td><td class=\"column-3\">Schmidenmatt \/ SO<\/td><td class=\"column-4\">990m<\/td><td class=\"column-5\">4585<\/td><td class=\"column-6\">5W<\/td><td class=\"column-7\">44<\/td><td class=\"column-8\">8<\/td><td class=\"column-9\">3<\/td><td class=\"column-10\">55<\/td><td class=\"column-11\">187<\/td>\n<\/tr>\n<tr class=\"row-21\">\n\t<td class=\"column-1\">20<\/td><td class=\"column-2\">HB9QA\/P<\/td><td class=\"column-3\">Arni \/ BE<\/td><td class=\"column-4\">930m<\/td><td class=\"column-5\">4085<\/td><td class=\"column-6\"><5W<\/td><td class=\"column-7\">44<\/td><td class=\"column-8\">8<\/td><td class=\"column-9\">1<\/td><td class=\"column-10\">53<\/td><td class=\"column-11\">185<\/td>\n<\/tr>\n<tr class=\"row-22\">\n\t<td class=\"column-1\">21<\/td><td class=\"column-2\">HB9LEW\/P<\/td><td class=\"column-3\">K\u00fchboden \/ VS<\/td><td class=\"column-4\">2214m<\/td><td class=\"column-5\">5130<\/td><td class=\"column-6\">5W<\/td><td class=\"column-7\">41<\/td><td class=\"column-8\">14<\/td><td class=\"column-9\">2<\/td><td class=\"column-10\">57<\/td><td class=\"column-11\">180<\/td>\n<\/tr>\n<tr class=\"row-23\">\n\t<td class=\"column-1\">22<\/td><td class=\"column-2\">HB9FND\/P<\/td><td class=\"column-3\">Schwandf\u00e4lspitz nr Adelboden \/ BE<\/td><td class=\"column-4\">2016m<\/td><td class=\"column-5\">5406<\/td><td class=\"column-6\">5W<\/td><td class=\"column-7\">42<\/td><td class=\"column-8\">11<\/td><td class=\"column-9\">0<\/td><td class=\"column-10\">53<\/td><td class=\"column-11\">179<\/td>\n<\/tr>\n<tr class=\"row-24\">\n\t<td class=\"column-1\">23<\/td><td class=\"column-2\">HB9JBD\/P<\/td><td class=\"column-3\">Holzerh\u00fcttli R\u00e4br\u00fcti \/ ZG<\/td><td class=\"column-4\">1015m<\/td><td class=\"column-5\">5875<\/td><td class=\"column-6\">5W<\/td><td class=\"column-7\">41<\/td><td class=\"column-8\">7<\/td><td class=\"column-9\">2<\/td><td class=\"column-10\">50<\/td><td class=\"column-11\">173<\/td>\n<\/tr>\n<tr class=\"row-25\">\n\t<td class=\"column-1\">24<\/td><td class=\"column-2\">HB9DQJ\/P<\/td><td class=\"column-3\">Aspiegg ob Obergoldbach \/ BE<\/td><td class=\"column-4\">888m<\/td><td class=\"column-5\">3899<\/td><td class=\"column-6\">5W<\/td><td class=\"column-7\">35<\/td><td class=\"column-8\">18<\/td><td class=\"column-9\">7<\/td><td class=\"column-10\">60<\/td><td class=\"column-11\">165<\/td>\n<\/tr>\n<tr class=\"row-26\">\n\t<td class=\"column-1\">25<\/td><td class=\"column-2\">HB9BGG\/P<\/td><td class=\"column-3\">Alp Looch ob Amden \/ SG<\/td><td class=\"column-4\">1535m<\/td><td class=\"column-5\">5780<\/td><td class=\"column-6\">3...5W<\/td><td class=\"column-7\">39<\/td><td class=\"column-8\">6<\/td><td class=\"column-9\">1<\/td><td class=\"column-10\">46<\/td><td class=\"column-11\">163<\/td>\n<\/tr>\n<tr class=\"row-27\">\n\t<td class=\"column-1\">26<\/td><td class=\"column-2\">HB9DST\/P<\/td><td class=\"column-3\">Albishorn \/ ZH<\/td><td class=\"column-4\">903m<\/td><td class=\"column-5\">1024<\/td><td class=\"column-6\">2W<\/td><td class=\"column-7\">39<\/td><td class=\"column-8\">5<\/td><td class=\"column-9\">1<\/td><td class=\"column-10\">45<\/td><td class=\"column-11\">162<\/td>\n<\/tr>\n<tr class=\"row-28\">\n\t<td class=\"column-1\">27<\/td><td class=\"column-2\">HB9AJW\/P<\/td><td class=\"column-3\">Gubel \/ ZG<\/td><td class=\"column-4\">920m<\/td><td class=\"column-5\">5663<\/td><td class=\"column-6\">5W<\/td><td class=\"column-7\">37<\/td><td class=\"column-8\">11<\/td><td class=\"column-9\">2<\/td><td class=\"column-10\">50<\/td><td class=\"column-11\">161<\/td>\n<\/tr>\n<tr class=\"row-29\">\n\t<td class=\"column-1\">28<\/td><td class=\"column-2\">HB9AJM\/P<\/td><td class=\"column-3\">Monte Gambarogno \/ TI<\/td><td class=\"column-4\">1734m<\/td><td class=\"column-5\">4540<\/td><td class=\"column-6\">5W<\/td><td class=\"column-7\">37<\/td><td class=\"column-8\">9<\/td><td class=\"column-9\">0<\/td><td class=\"column-10\">46<\/td><td class=\"column-11\">157<\/td>\n<\/tr>\n<tr class=\"row-30\">\n\t<td class=\"column-1\">29<\/td><td class=\"column-2\">HB9ARL\/P<\/td><td class=\"column-3\">Farneralp \/ SG<\/td><td class=\"column-4\">1158m<\/td><td class=\"column-5\">5430<\/td><td class=\"column-6\">5W<\/td><td class=\"column-7\">39<\/td><td class=\"column-8\">0<\/td><td class=\"column-9\">0<\/td><td class=\"column-10\">39<\/td><td class=\"column-11\">156<\/td>\n<\/tr>\n<tr class=\"row-31\">\n\t<td class=\"column-1\">30<\/td><td class=\"column-2\">HB9JNH\/P<\/td><td class=\"column-3\">Schindlet \/ ZH<\/td><td class=\"column-4\">875m<\/td><td class=\"column-5\">3092<\/td><td class=\"column-6\">2.5W<\/td><td class=\"column-7\">36<\/td><td class=\"column-8\">0<\/td><td class=\"column-9\">0<\/td><td class=\"column-10\">36<\/td><td class=\"column-11\">144<\/td>\n<\/tr>\n<tr class=\"row-32\">\n\t<td class=\"column-1\">31<\/td><td class=\"column-2\">HB9IK\/P<\/td><td class=\"column-3\">Hofstettenspitz, Blauen \/ SO<\/td><td class=\"column-4\">820m<\/td><td class=\"column-5\">2786<\/td><td class=\"column-6\">4W<\/td><td class=\"column-7\">32<\/td><td class=\"column-8\">7<\/td><td class=\"column-9\">1<\/td><td class=\"column-10\">40<\/td><td class=\"column-11\">136<\/td>\n<\/tr>\n<tr class=\"row-33\">\n\t<td class=\"column-1\">32<\/td><td class=\"column-2\">HB9IAL\/P<\/td><td class=\"column-3\">St. Cergue \/ VD<\/td><td class=\"column-4\">1043m<\/td><td class=\"column-5\">5509<\/td><td class=\"column-6\"><5W<\/td><td class=\"column-7\">32<\/td><td class=\"column-8\">0<\/td><td class=\"column-9\">0<\/td><td class=\"column-10\">32<\/td><td class=\"column-11\">128<\/td>\n<\/tr>\n<tr class=\"row-34\">\n\t<td class=\"column-1\">33<\/td><td class=\"column-2\">HB9CXR\/P<\/td><td class=\"column-3\">S\u00e4dlegg \/ TG<\/td><td class=\"column-4\">820m<\/td><td class=\"column-5\">5568<\/td><td class=\"column-6\">5W<\/td><td class=\"column-7\">27<\/td><td class=\"column-8\">3<\/td><td class=\"column-9\">1<\/td><td class=\"column-10\">31<\/td><td class=\"column-11\">112<\/td>\n<\/tr>\n<tr class=\"row-35\">\n\t<td class=\"column-1\">34<\/td><td class=\"column-2\">HB9NO\/P<\/td><td class=\"column-3\">Col du Marchairuz \/ VD<\/td><td class=\"column-4\">1447m<\/td><td class=\"column-5\">5800<\/td><td class=\"column-6\">3.5W<\/td><td class=\"column-7\">27<\/td><td class=\"column-8\">2<\/td><td class=\"column-9\">0<\/td><td class=\"column-10\">29<\/td><td class=\"column-11\">110<\/td>\n<\/tr>\n<tr class=\"row-36\">\n\t<td class=\"column-1\">35<\/td><td class=\"column-2\">HB9BVW\/P<\/td><td class=\"column-3\">Ahorn \/ BE<\/td><td class=\"column-4\">1120m<\/td><td class=\"column-5\">5990<\/td><td class=\"column-6\">8W<\/td><td class=\"column-7\">26<\/td><td class=\"column-8\">3<\/td><td class=\"column-9\">0<\/td><td class=\"column-10\">29<\/td><td class=\"column-11\">107<\/td>\n<\/tr>\n<tr class=\"row-37\">\n\t<td class=\"column-1\">36<\/td><td class=\"column-2\">HB9ECV\/P<\/td><td class=\"column-3\">Belchenfluh \/ SO<\/td><td class=\"column-4\">1099m<\/td><td class=\"column-5\">3840<\/td><td class=\"column-6\">1.7W<\/td><td class=\"column-7\">25<\/td><td class=\"column-8\">6<\/td><td class=\"column-9\">0<\/td><td class=\"column-10\">31<\/td><td class=\"column-11\">106<\/td>\n<\/tr>\n<tr class=\"row-38\">\n\t<td class=\"column-1\">37<\/td><td class=\"column-2\">HB9GAA\/P<\/td><td class=\"column-3\">Ballenb\u00fchl \/ BE<\/td><td class=\"column-4\">870m<\/td><td class=\"column-5\">3280<\/td><td class=\"column-6\">5W<\/td><td class=\"column-7\">20<\/td><td class=\"column-8\">3<\/td><td class=\"column-9\">0<\/td><td class=\"column-10\">23<\/td><td class=\"column-11\">83<\/td>\n<\/tr>\n<tr class=\"row-39\">\n\t<td class=\"column-1\">38<\/td><td class=\"column-2\">HB9CM\/P<\/td><td class=\"column-3\">La Gr\u00e9bille \/ NE<\/td><td class=\"column-4\">1120m<\/td><td class=\"column-5\">4720<\/td><td class=\"column-6\">4.8W<\/td><td class=\"column-7\">18<\/td><td class=\"column-8\">8<\/td><td class=\"column-9\">0<\/td><td class=\"column-10\">26<\/td><td class=\"column-11\">80<\/td>\n<\/tr>\n<tr class=\"row-40\">\n\t<td class=\"column-1\">39<\/td><td class=\"column-2\">HB9JOE\/P<\/td><td class=\"column-3\">T\u00e4mbrig \/ ZH<\/td><td class=\"column-4\">812m<\/td><td class=\"column-5\">5370<\/td><td class=\"column-6\">3W<\/td><td class=\"column-7\">16<\/td><td class=\"column-8\">12<\/td><td class=\"column-9\">0<\/td><td class=\"column-10\">28<\/td><td class=\"column-11\">76<\/td>\n<\/tr>\n<tr class=\"row-41\">\n\t<td class=\"column-1\">40<\/td><td class=\"column-2\">HB9AGO\/P<\/td><td class=\"column-3\">Prad\u00f6r, Leventina \/ TI<\/td><td class=\"column-4\">1647m<\/td><td class=\"column-5\">3095<\/td><td class=\"column-6\">5W<\/td><td class=\"column-7\">18<\/td><td class=\"column-8\">0<\/td><td class=\"column-9\">0<\/td><td class=\"column-10\">18<\/td><td class=\"column-11\">72<\/td>\n<\/tr>\n<tr class=\"row-42\">\n\t<td class=\"column-1\">41<\/td><td class=\"column-2\">HB9UH\/P<\/td><td class=\"column-3\">Reckingen \/ VS<\/td><td class=\"column-4\">1340m<\/td><td class=\"column-5\">5370<\/td><td class=\"column-6\">5W<\/td><td class=\"column-7\">18<\/td><td class=\"column-8\">0<\/td><td class=\"column-9\">0<\/td><td class=\"column-10\">18<\/td><td class=\"column-11\">72<\/td>\n<\/tr>\n<tr class=\"row-43\">\n\t<td class=\"column-1\">42<\/td><td class=\"column-2\">HB9DEO\/P<\/td><td class=\"column-3\">Gornergrat \/ VS<\/td><td class=\"column-4\">3130m<\/td><td class=\"column-5\">5568<\/td><td class=\"column-6\">40W<\/td><td class=\"column-7\">17<\/td><td class=\"column-8\">4<\/td><td class=\"column-9\">0<\/td><td class=\"column-10\">21<\/td><td class=\"column-11\">72<\/td>\n<\/tr>\n<tr class=\"row-44\">\n\t<td class=\"column-1\">43<\/td><td class=\"column-2\">HB9KBE\/P<\/td><td class=\"column-3\">Asperstrihen \/ AG<\/td><td class=\"column-4\">838m<\/td><td class=\"column-5\">4922<\/td><td class=\"column-6\">5W<\/td><td class=\"column-7\">13<\/td><td class=\"column-8\">0<\/td><td class=\"column-9\">0<\/td><td class=\"column-10\">13<\/td><td class=\"column-11\">52<\/td>\n<\/tr>\n<\/tbody>\n<\/table>\n<!-- #tablepress-6 from cache -->","protected":false},"excerpt":{"rendered":"<p>\u00a0<\/p>\n","protected":false},"author":1,"featured_media":0,"parent":75,"menu_order":0,"comment_status":"closed","ping_status":"closed","template":"page-templates\/full-width.php","meta":{"ngg_post_thumbnail":0,"footnotes":""},"class_list":["post-368","page","type-page","status-publish","hentry"],"translation":{"provider":"WPGlobus","version":"3.0.2","language":"fr","enabled_languages":["de","fr"],"languages":{"de":{"title":true,"content":true,"excerpt":false},"fr":{"title":false,"content":false,"excerpt":false}}},"_links":{"self":[{"href":"https:\/\/nmd.uska.ch\/fr\/index.php\/wp-json\/wp\/v2\/pages\/368","targetHints":{"allow":["GET"]}}],"collection":[{"href":"https:\/\/nmd.uska.ch\/fr\/index.php\/wp-json\/wp\/v2\/pages"}],"about":[{"href":"https:\/\/nmd.uska.ch\/fr\/index.php\/wp-json\/wp\/v2\/types\/page"}],"author":[{"embeddable":true,"href":"https:\/\/nmd.uska.ch\/fr\/index.php\/wp-json\/wp\/v2\/users\/1"}],"replies":[{"embeddable":true,"href":"https:\/\/nmd.uska.ch\/fr\/index.php\/wp-json\/wp\/v2\/comments?post=368"}],"version-history":[{"count":2,"href":"https:\/\/nmd.uska.ch\/fr\/index.php\/wp-json\/wp\/v2\/pages\/368\/revisions"}],"predecessor-version":[{"id":374,"href":"https:\/\/nmd.uska.ch\/fr\/index.php\/wp-json\/wp\/v2\/pages\/368\/revisions\/374"}],"up":[{"embeddable":true,"href":"https:\/\/nmd.uska.ch\/fr\/index.php\/wp-json\/wp\/v2\/pages\/75"}],"wp:attachment":[{"href":"https:\/\/nmd.uska.ch\/fr\/index.php\/wp-json\/wp\/v2\/media?parent=368"}],"curies":[{"name":"wp","href":"https:\/\/api.w.org\/{rel}","templated":true}]}}