{"id":178,"date":"2019-08-11T16:55:05","date_gmt":"2019-08-11T16:55:05","guid":{"rendered":"https:\/\/nmd.kohler.world\/?page_id=178"},"modified":"2023-02-25T18:57:03","modified_gmt":"2023-02-25T18:57:03","slug":"morsetraining","status":"publish","type":"page","link":"https:\/\/nmd.uska.ch\/fr\/index.php\/vorbereitung\/morsetraining\/","title":{"rendered":"Morsetraining"},"content":{"rendered":"<p>Hier kannst du die kurzen Meldungen die beim NMD ausgetauscht werden mit verschiedenen Geschwindigkeiten \u00fcben.<\/p>\n<p>Einfach Geschwindigkeit (in WPM) ausw\u00e4hlen und auf &#8220;new&#8221; klicken. Daraufhin ist die Meldung in der gew\u00e4hlten Geschwindigkeit zu h\u00f6ren. Mit &#8220;agn&#8221; kann die Meldung beliebig oft wiederholt werden. Durch Eingabe des aufgenommenen Textes und klick auf &#8220;check&#8221; kann \u00fcberpr\u00fcft werden, ob richtig geh\u00f6rt wurde. Viel Spass!<\/p>\n<p><iframe loading=\"lazy\" style=\"width: 720; height: 100;\" src=\"\/cgi-bin\/qtc.wsh\" width=\"720\" height=\"100\" frameborder=\"0\" scrolling=\"no\"><\/iframe><\/p>\n<p class=\"bodytext\">Weitere gute M\u00f6glichkeiten zum Morsetraining gibts hier:<\/p>\n<ul>\n<li class=\"bodytext\"><span style=\"font-size: 1rem;\">Mit dem Programm von HB9HQX: <\/span><a style=\"font-size: 1rem;\" href=\"https:\/\/hb9htc.clubdesk.com\/hb9htc6\/morsen\/hb9hqx_morse_v7\" target=\"_blank\" rel=\"noopener\">Helvetia Telegraphy Club HTC (D1) &#8211; HB9HQX Morse V7<\/a><br \/>\n-&gt; (Vorbereiten, Zufallstexte, Texte NMD, ausw\u00e4hlen, Anzahl auf 20 stellen, codieren)<\/li>\n<li>&nbsp;<a class=\"external-link-new-window\" href=\"http:\/\/www.lcwo.net\/\" target=\"_blank\" rel=\"noopener noreferrer\">Learn CW Online.<\/a><\/li>\n<\/ul>\n","protected":false},"excerpt":{"rendered":"<p>Hier kannst du die kurzen Meldungen die beim NMD ausgetauscht werden mit verschiedenen Geschwindigkeiten \u00fcben. Einfach Geschwindigkeit (in WPM) ausw\u00e4hlen und auf &#8220;new&#8221; klicken. Daraufhin ist die Meldung in der gew\u00e4hlten Geschwindigkeit zu h\u00f6ren. Mit &#8220;agn&#8221; kann die Meldung beliebig oft wiederholt werden. Durch Eingabe des aufgenommenen Textes und klick auf &#8220;check&#8221; kann \u00fcberpr\u00fcft werden, [&hellip;]<\/p>\n","protected":false},"author":1,"featured_media":0,"parent":1359,"menu_order":0,"comment_status":"closed","ping_status":"closed","template":"page-templates\/full-width.php","meta":{"ngg_post_thumbnail":0,"footnotes":""},"class_list":["post-178","page","type-page","status-publish","hentry"],"translation":{"provider":"WPGlobus","version":"3.0.2","language":"fr","enabled_languages":["de","fr"],"languages":{"de":{"title":true,"content":true,"excerpt":false},"fr":{"title":false,"content":false,"excerpt":false}}},"_links":{"self":[{"href":"https:\/\/nmd.uska.ch\/fr\/index.php\/wp-json\/wp\/v2\/pages\/178","targetHints":{"allow":["GET"]}}],"collection":[{"href":"https:\/\/nmd.uska.ch\/fr\/index.php\/wp-json\/wp\/v2\/pages"}],"about":[{"href":"https:\/\/nmd.uska.ch\/fr\/index.php\/wp-json\/wp\/v2\/types\/page"}],"author":[{"embeddable":true,"href":"https:\/\/nmd.uska.ch\/fr\/index.php\/wp-json\/wp\/v2\/users\/1"}],"replies":[{"embeddable":true,"href":"https:\/\/nmd.uska.ch\/fr\/index.php\/wp-json\/wp\/v2\/comments?post=178"}],"version-history":[{"count":16,"href":"https:\/\/nmd.uska.ch\/fr\/index.php\/wp-json\/wp\/v2\/pages\/178\/revisions"}],"predecessor-version":[{"id":2233,"href":"https:\/\/nmd.uska.ch\/fr\/index.php\/wp-json\/wp\/v2\/pages\/178\/revisions\/2233"}],"up":[{"embeddable":true,"href":"https:\/\/nmd.uska.ch\/fr\/index.php\/wp-json\/wp\/v2\/pages\/1359"}],"wp:attachment":[{"href":"https:\/\/nmd.uska.ch\/fr\/index.php\/wp-json\/wp\/v2\/media?parent=178"}],"curies":[{"name":"wp","href":"https:\/\/api.w.org\/{rel}","templated":true}]}}