{"id":160,"date":"2019-08-11T16:34:24","date_gmt":"2019-08-11T16:34:24","guid":{"rendered":"https:\/\/nmd.kohler.world\/?page_id=160"},"modified":"2026-02-27T09:00:16","modified_gmt":"2026-02-27T09:00:16","slug":"log-und-abrechnungsblatt","status":"publish","type":"page","link":"https:\/\/nmd.uska.ch\/fr\/index.php\/vorbereitung\/log-und-abrechnungsblatt\/","title":{"rendered":"Log und Stationsdaten einsenden"},"content":{"rendered":"<h2>Hilfsmittel f\u00fcr die Berichterstattung<\/h2>\n<h2>Logprogramme<\/h2>\n<p>Die NMD-Kommission empfiehlt die hier angebotenen Logprogramme f\u00fcr die elektronische Logf\u00fchrung und f\u00fcr die Logf\u00fchrung auf Papier sowie zum Erstellen der Berichtdatei zum Einsenden.<br \/>\nEs besteht kein Anspruch auf Funktionalit\u00e4t und Fehlerfreiheit.<\/p>\n<p>Die Programme HB9HQX-NMD-Log, TVKLog und T2 werden von der NMD-Kommission allen NMD-Teilnehmern und -Interessierten gratis zur Verf\u00fcgung gestellt.<\/p>\n<p class=\"western\"><b>Hinweis zum Herunterladen<br \/>\n<\/b>Einige Anwender der NMD-Logprogrmme sind durch die Windows-Fehlermeldung 0x80004005 (&#8220;Unspecified error&#8221;) am Expandieren der heruntergeladenen .zip-Datei gehindert worden.<br \/>\nAbhilfe:<br \/>\nAnstelle des windows-internen Entpackungsprogramms muss die .zip-Datei mit einem Entpackungsprogramm eines Drittanbieters expandiert werden. Verschiedene Anwender hatten Erfolg mit einem der folgenden Programme:<br \/>\n7-zip, WinRAR, WinZip, PeaZip<\/p>\n<p>HB9HQX NMD Log: <a href=\"https:\/\/nmd.uska.ch\/wp-content\/uploads\/2026\/02\/HB9HQX_NMD_Log-9-25.02.2026.zip\" class=\"mtli_attachment mtli_zip\">HB9HQX_NMD_Log-2026_V9.zip<\/a><\/p>\n<p>T2-Log d\/f\/i\u00a0 (von HB9ABO): <a href=\"https:\/\/nmd.uska.ch\/wp-content\/uploads\/2026\/02\/T2_0822.zip\" class=\"mtli_attachment mtli_zip\">T2_0822.zip<\/a><\/p>\n<p>TVK-Log (von HB9TVK): <a href=\"https:\/\/nmd.uska.ch\/wp-content\/uploads\/2020\/03\/TVKLog-1.2.2.zip\" class=\"mtli_attachment mtli_zip\">TVKLog-1.2.2.zip<\/a><\/p>\n<p><b>Hinweise:<br \/>\n<\/b><span style=\"font-size: 1rem;\">Benutzer von TVKLog k\u00f6nnen ihre Stationsdaten nach dem Contest mithilfe eines der Programme HQXnmdLog oder T2 in ihr Log integrieren.<\/span><\/p>\n<p>Wird die Berichtdatei mit einem Programm eigener Wahl erstellt, so m\u00fcssen Format und Struktur dieser Datei gem\u00e4ss den unten stehenden Mustern eingehalten werden.<\/p>\n<p>Muster f\u00fcr Berichtdatei: <a href=\"https:\/\/nmd.uska.ch\/wp-content\/uploads\/2024\/11\/Logmuster_d.txt\">Logmuster_d.nmd<\/a><\/p>\n<p>Mod\u00e8le de fichier rapport: <a href=\"https:\/\/nmd.uska.ch\/wp-content\/uploads\/2024\/11\/Logmuster_f.txt\">Logmuster_f.nmd<\/a><\/p>\n<p>Modello di file report: <a href=\"https:\/\/nmd.uska.ch\/wp-content\/uploads\/2024\/11\/Logmuster_i.txt\">Logmuster_i.nmd<\/a><\/p>\n","protected":false},"excerpt":{"rendered":"<p>Hilfsmittel f\u00fcr die Berichterstattung Logprogramme Die NMD-Kommission empfiehlt die hier angebotenen Logprogramme f\u00fcr die elektronische Logf\u00fchrung und f\u00fcr die Logf\u00fchrung auf Papier sowie zum Erstellen der Berichtdatei zum Einsenden. Es besteht kein Anspruch auf Funktionalit\u00e4t und Fehlerfreiheit. Die Programme HB9HQX-NMD-Log, TVKLog und T2 werden von der NMD-Kommission allen NMD-Teilnehmern und -Interessierten gratis zur Verf\u00fcgung gestellt. [&hellip;]<\/p>\n","protected":false},"author":1,"featured_media":0,"parent":1359,"menu_order":0,"comment_status":"closed","ping_status":"closed","template":"page-templates\/full-width.php","meta":{"ngg_post_thumbnail":0,"footnotes":""},"class_list":["post-160","page","type-page","status-publish","hentry"],"translation":{"provider":"WPGlobus","version":"3.0.2","language":"fr","enabled_languages":["de","fr"],"languages":{"de":{"title":true,"content":true,"excerpt":false},"fr":{"title":false,"content":false,"excerpt":false}}},"_links":{"self":[{"href":"https:\/\/nmd.uska.ch\/fr\/index.php\/wp-json\/wp\/v2\/pages\/160","targetHints":{"allow":["GET"]}}],"collection":[{"href":"https:\/\/nmd.uska.ch\/fr\/index.php\/wp-json\/wp\/v2\/pages"}],"about":[{"href":"https:\/\/nmd.uska.ch\/fr\/index.php\/wp-json\/wp\/v2\/types\/page"}],"author":[{"embeddable":true,"href":"https:\/\/nmd.uska.ch\/fr\/index.php\/wp-json\/wp\/v2\/users\/1"}],"replies":[{"embeddable":true,"href":"https:\/\/nmd.uska.ch\/fr\/index.php\/wp-json\/wp\/v2\/comments?post=160"}],"version-history":[{"count":71,"href":"https:\/\/nmd.uska.ch\/fr\/index.php\/wp-json\/wp\/v2\/pages\/160\/revisions"}],"predecessor-version":[{"id":3027,"href":"https:\/\/nmd.uska.ch\/fr\/index.php\/wp-json\/wp\/v2\/pages\/160\/revisions\/3027"}],"up":[{"embeddable":true,"href":"https:\/\/nmd.uska.ch\/fr\/index.php\/wp-json\/wp\/v2\/pages\/1359"}],"wp:attachment":[{"href":"https:\/\/nmd.uska.ch\/fr\/index.php\/wp-json\/wp\/v2\/media?parent=160"}],"curies":[{"name":"wp","href":"https:\/\/api.w.org\/{rel}","templated":true}]}}